{"id":26,"date":"2010-08-01T23:50:56","date_gmt":"2010-08-01T22:50:56","guid":{"rendered":"http:\/\/www.karatetabor.com\/?page_id=26"},"modified":"2010-08-03T23:53:46","modified_gmt":"2010-08-03T22:53:46","slug":"galerija","status":"publish","type":"page","link":"https:\/\/www.nikan.si\/karate\/?page_id=26","title":{"rendered":"Galerija"},"content":{"rendered":"<ul class=\"ngg-breadcrumbs\">\n    <\/ul>\n<div class=\"ngg-albumoverview\">\t\n\t<!-- List of galleries -->\n\t\n\t<div class=\"ngg-album\">\n\t\t<div class=\"ngg-albumtitle\"><a href=\"https:\/\/www.nikan.si\/karate\/index.php\/nggallery\/moj-album\/nikan-piknik-junij-2015?page_id=26\">Nikan piknik - junij 2015<\/a><\/div>\n\t\t\t<div class=\"ngg-albumcontent\">\n\t\t\t\t<div class=\"ngg-thumbnail\">\n\t\t\t\t\t<a href=\"https:\/\/www.nikan.si\/karate\/index.php\/nggallery\/moj-album\/nikan-piknik-junij-2015?page_id=26\"><img class=\"Thumb\" alt=\"Nikan piknik - junij 2015\" src=\"https:\/\/www.nikan.si\/karate\/wp-content\/gallery\/piknik_junij_2015\/cache\/IMG_4375.JPG-nggid041074-ngg0dyn-240x160x100-00f0w010c011r110f110r010t010.JPG\"\/><\/a>\n\t\t\t\t<\/div>\n\t\t\t\t<div class=\"ngg-description\">\n\t\t\t\t<p><\/p>\n\t\t\t\t\t\t\t\t<p class=\"ngg-album-gallery-image-counter\"><strong>175<\/strong>&nbsp;Photos<\/p>\n\t\t\t\t\t\t\t<\/div>\n\t\t<\/div>\n\t<\/div>\n\n \t\n\t<div class=\"ngg-album\">\n\t\t<div class=\"ngg-albumtitle\"><a href=\"https:\/\/www.nikan.si\/karate\/index.php\/nggallery\/moj-album\/klubsko-tekmovanje-maj-2015?page_id=26\">Klubsko tekmovanje - maj 2015<\/a><\/div>\n\t\t\t<div class=\"ngg-albumcontent\">\n\t\t\t\t<div class=\"ngg-thumbnail\">\n\t\t\t\t\t<a href=\"https:\/\/www.nikan.si\/karate\/index.php\/nggallery\/moj-album\/klubsko-tekmovanje-maj-2015?page_id=26\"><img class=\"Thumb\" alt=\"Klubsko tekmovanje - maj 2015\" src=\"https:\/\/www.nikan.si\/karate\/wp-content\/gallery\/tekma2015\/cache\/IMG_3927.JPG-nggid03494-ngg0dyn-240x160x100-00f0w010c011r110f110r010t010.JPG\"\/><\/a>\n\t\t\t\t<\/div>\n\t\t\t\t<div class=\"ngg-description\">\n\t\t\t\t<p><\/p>\n\t\t\t\t\t\t\t\t<p class=\"ngg-album-gallery-image-counter\"><strong>167<\/strong>&nbsp;Photos<\/p>\n\t\t\t\t\t\t\t<\/div>\n\t\t<\/div>\n\t<\/div>\n\n \t\n\t<div class=\"ngg-album\">\n\t\t<div class=\"ngg-albumtitle\"><a href=\"https:\/\/www.nikan.si\/karate\/index.php\/nggallery\/moj-album\/piknik-sd-nikan?page_id=26\">Piknik \u0160D Nikan<\/a><\/div>\n\t\t\t<div class=\"ngg-albumcontent\">\n\t\t\t\t<div class=\"ngg-thumbnail\">\n\t\t\t\t\t<a href=\"https:\/\/www.nikan.si\/karate\/index.php\/nggallery\/moj-album\/piknik-sd-nikan?page_id=26\"><img class=\"Thumb\" alt=\"Piknik \u0160D Nikan\" src=\"https:\/\/www.nikan.si\/karate\/wp-content\/gallery\/piknik2014\/cache\/img_2296.jpg-nggid03484-ngg0dyn-240x160x100-00f0w010c011r110f110r010t010.jpg\"\/><\/a>\n\t\t\t\t<\/div>\n\t\t\t\t<div class=\"ngg-description\">\n\t\t\t\t<p><\/p>\n\t\t\t\t\t\t\t\t<p class=\"ngg-album-gallery-image-counter\"><strong>7<\/strong>&nbsp;Photos<\/p>\n\t\t\t\t\t\t\t<\/div>\n\t\t<\/div>\n\t<\/div>\n\n \t\n\t<div class=\"ngg-album\">\n\t\t<div class=\"ngg-albumtitle\"><a href=\"https:\/\/www.nikan.si\/karate\/index.php\/nggallery\/moj-album\/17-karate-do-seminar-domzale-2014?page_id=26\">17. karate-do seminar Dom\u017eale 2014<\/a><\/div>\n\t\t\t<div class=\"ngg-albumcontent\">\n\t\t\t\t<div class=\"ngg-thumbnail\">\n\t\t\t\t\t<a href=\"https:\/\/www.nikan.si\/karate\/index.php\/nggallery\/moj-album\/17-karate-do-seminar-domzale-2014?page_id=26\"><img class=\"Thumb\" alt=\"17. karate-do seminar Dom\u017eale 2014\" src=\"https:\/\/www.nikan.si\/karate\/wp-content\/gallery\/domzaleseminar2014\/cache\/dsc_6238-custom.jpg-nggid03481-ngg0dyn-240x160x100-00f0w010c011r110f110r010t010.jpg\"\/><\/a>\n\t\t\t\t<\/div>\n\t\t\t\t<div class=\"ngg-description\">\n\t\t\t\t<p>24. in 25.5.2014 je v Dom\u017ealah potekal karate-do seminar, ki so se ga udele\u017eili tudi na\u0161i \u010dlani. <\/p>\n\t\t\t\t\t\t\t\t<p class=\"ngg-album-gallery-image-counter\"><strong>4<\/strong>&nbsp;Photos<\/p>\n\t\t\t\t\t\t\t<\/div>\n\t\t<\/div>\n\t<\/div>\n\n \t\n\t<div class=\"ngg-album\">\n\t\t<div class=\"ngg-albumtitle\"><a href=\"https:\/\/www.nikan.si\/karate\/index.php\/nggallery\/moj-album\/ju-jitsu-trening-19-3-2013?page_id=26\">Ju-jitsu trening 19.3.2013<\/a><\/div>\n\t\t\t<div class=\"ngg-albumcontent\">\n\t\t\t\t<div class=\"ngg-thumbnail\">\n\t\t\t\t\t<a href=\"https:\/\/www.nikan.si\/karate\/index.php\/nggallery\/moj-album\/ju-jitsu-trening-19-3-2013?page_id=26\"><img class=\"Thumb\" alt=\"Ju-jitsu trening 19.3.2013\" src=\"https:\/\/www.nikan.si\/karate\/wp-content\/gallery\/jujitsu_19_03_2013\/cache\/IMG_9507A.jpg-nggid03453-ngg0dyn-240x160x100-00f0w010c011r110f110r010t010.jpg\"\/><\/a>\n\t\t\t\t<\/div>\n\t\t\t\t<div class=\"ngg-description\">\n\t\t\t\t<p>Fotke s treninga ju-jitsa<\/p>\n\t\t\t\t\t\t\t\t<p class=\"ngg-album-gallery-image-counter\"><strong>108<\/strong>&nbsp;Photos<\/p>\n\t\t\t\t\t\t\t<\/div>\n\t\t<\/div>\n\t<\/div>\n\n \t\n\t<div class=\"ngg-album\">\n\t\t<div class=\"ngg-albumtitle\"><a href=\"https:\/\/www.nikan.si\/karate\/index.php\/nggallery\/moj-album\/tekmovanje-liga-ig-2011?page_id=26\">Tekmovanje - Liga - Ig 2011<\/a><\/div>\n\t\t\t<div class=\"ngg-albumcontent\">\n\t\t\t\t<div class=\"ngg-thumbnail\">\n\t\t\t\t\t<a href=\"https:\/\/www.nikan.si\/karate\/index.php\/nggallery\/moj-album\/tekmovanje-liga-ig-2011?page_id=26\"><img class=\"Thumb\" alt=\"Tekmovanje - Liga - Ig 2011\" src=\"https:\/\/www.nikan.si\/karate\/wp-content\/gallery\/tekma_ig_2011\/cache\/DSCF4443.JPG-nggid03262-ngg0dyn-240x160x100-00f0w010c011r110f110r010t010.JPG\"\/><\/a>\n\t\t\t\t<\/div>\n\t\t\t\t<div class=\"ngg-description\">\n\t\t\t\t<p>19.11.2011<\/p>\n\t\t\t\t\t\t\t\t<p class=\"ngg-album-gallery-image-counter\"><strong>13<\/strong>&nbsp;Photos<\/p>\n\t\t\t\t\t\t\t<\/div>\n\t\t<\/div>\n\t<\/div>\n\n \t\n\t<div class=\"ngg-album\">\n\t\t<div class=\"ngg-albumtitle\"><a href=\"https:\/\/www.nikan.si\/karate\/index.php\/nggallery\/moj-album\/kostanjev-piknik-september-2011?page_id=26\">Kostanjev piknik, september 2011<\/a><\/div>\n\t\t\t<div class=\"ngg-albumcontent\">\n\t\t\t\t<div class=\"ngg-thumbnail\">\n\t\t\t\t\t<a href=\"https:\/\/www.nikan.si\/karate\/index.php\/nggallery\/moj-album\/kostanjev-piknik-september-2011?page_id=26\"><img class=\"Thumb\" alt=\"Kostanjev piknik, september 2011\" src=\"https:\/\/www.nikan.si\/karate\/wp-content\/gallery\/foto\/cache\/IMG_1566.jpg-nggid03249-ngg0dyn-240x160x100-00f0w010c011r110f110r010t010.jpg\"\/><\/a>\n\t\t\t\t<\/div>\n\t\t\t\t<div class=\"ngg-description\">\n\t\t\t\t<p><\/p>\n\t\t\t\t\t\t\t\t<p class=\"ngg-album-gallery-image-counter\"><strong>19<\/strong>&nbsp;Photos<\/p>\n\t\t\t\t\t\t\t<\/div>\n\t\t<\/div>\n\t<\/div>\n\n \t\n\t<div class=\"ngg-album\">\n\t\t<div class=\"ngg-albumtitle\"><a href=\"https:\/\/www.nikan.si\/karate\/index.php\/nggallery\/moj-album\/fotke-s-treninga-5-10-2011?page_id=26\">Fotke s treninga 5.10.2011 <\/a><\/div>\n\t\t\t<div class=\"ngg-albumcontent\">\n\t\t\t\t<div class=\"ngg-thumbnail\">\n\t\t\t\t\t<a href=\"https:\/\/www.nikan.si\/karate\/index.php\/nggallery\/moj-album\/fotke-s-treninga-5-10-2011?page_id=26\"><img class=\"Thumb\" alt=\"Fotke s treninga 5.10.2011 \" src=\"https:\/\/www.nikan.si\/karate\/wp-content\/gallery\/skupina_rekreativci\/cache\/IMG_1466.jpg-nggid03230-ngg0dyn-240x160x100-00f0w010c011r110f110r010t010.jpg\"\/><\/a>\n\t\t\t\t<\/div>\n\t\t\t\t<div class=\"ngg-description\">\n\t\t\t\t<p>Skupina rekreativni karate (20.00 - 21.00)<\/p>\n\t\t\t\t\t\t\t\t<p class=\"ngg-album-gallery-image-counter\"><strong>26<\/strong>&nbsp;Photos<\/p>\n\t\t\t\t\t\t\t<\/div>\n\t\t<\/div>\n\t<\/div>\n\n \t\n\t<div class=\"ngg-album\">\n\t\t<div class=\"ngg-albumtitle\"><a href=\"https:\/\/www.nikan.si\/karate\/index.php\/nggallery\/moj-album\/fotke-s-treninga-5-10-2011-3?page_id=26\">Fotke s treninga 5.10.2011<\/a><\/div>\n\t\t\t<div class=\"ngg-albumcontent\">\n\t\t\t\t<div class=\"ngg-thumbnail\">\n\t\t\t\t\t<a href=\"https:\/\/www.nikan.si\/karate\/index.php\/nggallery\/moj-album\/fotke-s-treninga-5-10-2011-3?page_id=26\"><img class=\"Thumb\" alt=\"Fotke s treninga 5.10.2011\" src=\"https:\/\/www.nikan.si\/karate\/wp-content\/gallery\/fotke\/cache\/IMG_1293.jpg-nggid03198-ngg0dyn-240x160x100-00f0w010c011r110f110r010t010.jpg\"\/><\/a>\n\t\t\t\t<\/div>\n\t\t\t\t<div class=\"ngg-description\">\n\t\t\t\t<p>Trening skupine tekmovalcev (19.00 - 20.00)<\/p>\n\t\t\t\t\t\t\t\t<p class=\"ngg-album-gallery-image-counter\"><strong>19<\/strong>&nbsp;Photos<\/p>\n\t\t\t\t\t\t\t<\/div>\n\t\t<\/div>\n\t<\/div>\n\n \t\n\t<div class=\"ngg-album\">\n\t\t<div class=\"ngg-albumtitle\"><a href=\"https:\/\/www.nikan.si\/karate\/index.php\/nggallery\/moj-album\/fotke-s-treninga-5-10-2011-2?page_id=26\">Fotke s treninga 5.10.2011<\/a><\/div>\n\t\t\t<div class=\"ngg-albumcontent\">\n\t\t\t\t<div class=\"ngg-thumbnail\">\n\t\t\t\t\t<a href=\"https:\/\/www.nikan.si\/karate\/index.php\/nggallery\/moj-album\/fotke-s-treninga-5-10-2011-2?page_id=26\"><img class=\"Thumb\" alt=\"Fotke s treninga 5.10.2011\" src=\"https:\/\/www.nikan.si\/karate\/wp-content\/gallery\/fotke_skupina12\/cache\/Karate_skupina_2011-033.jpg-nggid03204-ngg0dyn-240x160x100-00f0w010c011r110f110r010t010.jpg\"\/><\/a>\n\t\t\t\t<\/div>\n\t\t\t\t<div class=\"ngg-description\">\n\t\t\t\t<p>Za\u010detna skupina (17.00 - 18.00) in nadaljevalna skupina (18.00 - 19.00)<\/p>\n\t\t\t\t\t\t\t\t<p class=\"ngg-album-gallery-image-counter\"><strong>6<\/strong>&nbsp;Photos<\/p>\n\t\t\t\t\t\t\t<\/div>\n\t\t<\/div>\n\t<\/div>\n\n \t\n\t<div class=\"ngg-album\">\n\t\t<div class=\"ngg-albumtitle\"><a href=\"https:\/\/www.nikan.si\/karate\/index.php\/nggallery\/moj-album\/trening-v-novih-prostorih?page_id=26\">Trening v novih prostorih<\/a><\/div>\n\t\t\t<div class=\"ngg-albumcontent\">\n\t\t\t\t<div class=\"ngg-thumbnail\">\n\t\t\t\t\t<a href=\"https:\/\/www.nikan.si\/karate\/index.php\/nggallery\/moj-album\/trening-v-novih-prostorih?page_id=26\"><img class=\"Thumb\" alt=\"Trening v novih prostorih\" src=\"https:\/\/www.nikan.si\/karate\/wp-content\/gallery\/trening-v-novih-prostorih\/cache\/img_0930.jpg-nggid03179-ngg0dyn-240x160x100-00f0w010c011r110f110r010t010.jpg\"\/><\/a>\n\t\t\t\t<\/div>\n\t\t\t\t<div class=\"ngg-description\">\n\t\t\t\t<p>Fotke s treninga (september 2011).<\/p>\n\t\t\t\t\t\t\t\t<p class=\"ngg-album-gallery-image-counter\"><strong>16<\/strong>&nbsp;Photos<\/p>\n\t\t\t\t\t\t\t<\/div>\n\t\t<\/div>\n\t<\/div>\n\n \t\n\t<div class=\"ngg-album\">\n\t\t<div class=\"ngg-albumtitle\"><a href=\"https:\/\/www.nikan.si\/karate\/index.php\/nggallery\/moj-album\/1-kvalifikacije-za-drzavno-prvenstvo-slovenije-katekumite-maribor-2010?page_id=26\">1. kvalifikacije za dr\u017eavno prvenstvo Slovenije kate+kumite - Maribor 2010<\/a><\/div>\n\t\t\t<div class=\"ngg-albumcontent\">\n\t\t\t\t<div class=\"ngg-thumbnail\">\n\t\t\t\t\t<a href=\"https:\/\/www.nikan.si\/karate\/index.php\/nggallery\/moj-album\/1-kvalifikacije-za-drzavno-prvenstvo-slovenije-katekumite-maribor-2010?page_id=26\"><img class=\"Thumb\" alt=\"1. kvalifikacije za dr\u017eavno prvenstvo Slovenije kate+kumite - Maribor 2010\" src=\"https:\/\/www.nikan.si\/karate\/wp-content\/gallery\/27_02_2010_1kval_dp_2010\/cache\/IMG_1155.jpg-nggid0290-ngg0dyn-240x160x100-00f0w010c011r110f110r010t010.jpg\"\/><\/a>\n\t\t\t\t<\/div>\n\t\t\t\t<div class=\"ngg-description\">\n\t\t\t\t<p>27.02.2010 so v telovadnici O\u0160 Borisa Kidri\u010da Maribor potekale prve kvalifikacije za dr\u017eavno S.K.I.F. prvenstvo.<\/p>\n\t\t\t\t\t\t\t\t<p class=\"ngg-album-gallery-image-counter\"><strong>19<\/strong>&nbsp;Photos<\/p>\n\t\t\t\t\t\t\t<\/div>\n\t\t<\/div>\n\t<\/div>\n\n \t\n\t<div class=\"ngg-album\">\n\t\t<div class=\"ngg-albumtitle\"><a href=\"https:\/\/www.nikan.si\/karate\/index.php\/nggallery\/moj-album\/8-s-k-i-f-seminar-kancho-kanazawa-sensei-nobuaki-kanazawa-2009?page_id=26\">8. S.K.I.F. seminar Kancho Kanazawa, Sensei Nobuaki Kanazawa 2009<\/a><\/div>\n\t\t\t<div class=\"ngg-albumcontent\">\n\t\t\t\t<div class=\"ngg-thumbnail\">\n\t\t\t\t\t<a href=\"https:\/\/www.nikan.si\/karate\/index.php\/nggallery\/moj-album\/8-s-k-i-f-seminar-kancho-kanazawa-sensei-nobuaki-kanazawa-2009?page_id=26\"><img class=\"Thumb\" alt=\"8. S.K.I.F. seminar Kancho Kanazawa, Sensei Nobuaki Kanazawa 2009\" src=\"https:\/\/www.nikan.si\/karate\/wp-content\/gallery\/18_04_2009_seminar_kanazawa\/cache\/IMGA4207.JPG-nggid03162-ngg0dyn-240x160x100-00f0w010c011r110f110r010t010.JPG\"\/><\/a>\n\t\t\t\t<\/div>\n\t\t\t\t<div class=\"ngg-description\">\n\t\t\t\t<p>18. - 19.04.2009 je v Ru\u0161ah pri Mariboru potekal \u017ee 8. S.K.I.F. seminar pod vodstvom Kancho Hirokazu Kanazawa 10. DAN, pri tem pa mu je pomagal tudi njegov sin, Sensei Nobuaki Kanazawa 6. DAN.<\/p>\n\t\t\t\t\t\t\t\t<p class=\"ngg-album-gallery-image-counter\"><strong>20<\/strong>&nbsp;Photos<\/p>\n\t\t\t\t\t\t\t<\/div>\n\t\t<\/div>\n\t<\/div>\n\n \t\n\t<div class=\"ngg-album\">\n\t\t<div class=\"ngg-albumtitle\"><a href=\"https:\/\/www.nikan.si\/karate\/index.php\/nggallery\/moj-album\/15-s-k-i-turnir-za-pokal-tromejnik-kuzma-2007?page_id=26\">15. S.K.I. turnir za pokal Tromejnik Kuzma 2007<\/a><\/div>\n\t\t\t<div class=\"ngg-albumcontent\">\n\t\t\t\t<div class=\"ngg-thumbnail\">\n\t\t\t\t\t<a href=\"https:\/\/www.nikan.si\/karate\/index.php\/nggallery\/moj-album\/15-s-k-i-turnir-za-pokal-tromejnik-kuzma-2007?page_id=26\"><img class=\"Thumb\" alt=\"15. S.K.I. turnir za pokal Tromejnik Kuzma 2007\" src=\"https:\/\/www.nikan.si\/karate\/wp-content\/gallery\/08_12_2007_turnir_kuzma\/cache\/IMGA8574.JPG-nggid03143-ngg0dyn-240x160x100-00f0w010c011r110f110r010t010.JPG\"\/><\/a>\n\t\t\t\t<\/div>\n\t\t\t\t<div class=\"ngg-description\">\n\t\t\t\t<p>8. decembra 2007 se je zaklju\u010dil tudi leto\u0161nji zadnji turnir - 15. S.K.I. turnir za pokal Tromejnik Kuzma. Na turnirju so se izkazali tudi na\u0161i \u010dlani in osvojili kopico medalj.<\/p>\n\t\t\t\t\t\t\t\t<p class=\"ngg-album-gallery-image-counter\"><strong>20<\/strong>&nbsp;Photos<\/p>\n\t\t\t\t\t\t\t<\/div>\n\t\t<\/div>\n\t<\/div>\n\n \t\n\t<div class=\"ngg-album\">\n\t\t<div class=\"ngg-albumtitle\"><a href=\"https:\/\/www.nikan.si\/karate\/index.php\/nggallery\/moj-album\/15-s-k-i-f-kyu-turnir-strasswalchen-avstrija-2006?page_id=26\">15. S.K.I.F. \\&quot;KYU TURNIR\\&quot; - STRASSWALCHEN - Avstrija 2006<\/a><\/div>\n\t\t\t<div class=\"ngg-albumcontent\">\n\t\t\t\t<div class=\"ngg-thumbnail\">\n\t\t\t\t\t<a href=\"https:\/\/www.nikan.si\/karate\/index.php\/nggallery\/moj-album\/15-s-k-i-f-kyu-turnir-strasswalchen-avstrija-2006?page_id=26\"><img class=\"Thumb\" alt=\"15. S.K.I.F. \\&quot;KYU TURNIR\\&quot; - STRASSWALCHEN - Avstrija 2006\" src=\"https:\/\/www.nikan.si\/karate\/wp-content\/gallery\/21_05_2006_turnir_avstrija\/cache\/turnir%20Avstrija%20026.jpg-nggid03103-ngg0dyn-240x160x100-00f0w010c011r110f110r010t010.jpg\"\/><\/a>\n\t\t\t\t<\/div>\n\t\t\t\t<div class=\"ngg-description\">\n\t\t\t\t<p>21. maja 2006 so se na\u0161i \u010dlani udele\u017eili mednarodnega KYU turnirja v Avstriji. V tem albumu je nekaj foto utrinkov s tega turnirja.<\/p>\n\t\t\t\t\t\t\t\t<p class=\"ngg-album-gallery-image-counter\"><strong>10<\/strong>&nbsp;Photos<\/p>\n\t\t\t\t\t\t\t<\/div>\n\t\t<\/div>\n\t<\/div>\n\n \t\n\t<div class=\"ngg-album\">\n\t\t<div class=\"ngg-albumtitle\"><a href=\"https:\/\/www.nikan.si\/karate\/index.php\/nggallery\/moj-album\/turnir-tabor-30-let-05-11-2005?page_id=26\">Turnir Tabor 30 let, 05.11.2005<\/a><\/div>\n\t\t\t<div class=\"ngg-albumcontent\">\n\t\t\t\t<div class=\"ngg-thumbnail\">\n\t\t\t\t\t<a href=\"https:\/\/www.nikan.si\/karate\/index.php\/nggallery\/moj-album\/turnir-tabor-30-let-05-11-2005?page_id=26\"><img class=\"Thumb\" alt=\"Turnir Tabor 30 let, 05.11.2005\" src=\"https:\/\/www.nikan.si\/karate\/wp-content\/gallery\/05_11_2005-turnir-tabor-30-let\/cache\/DSC00038.JPG-nggid011-ngg0dyn-240x160x100-00f0w010c011r110f110r010t010.JPG\"\/><\/a>\n\t\t\t\t<\/div>\n\t\t\t\t<div class=\"ngg-description\">\n\t\t\t\t<p>05.11.2005 se je v telovadnici O\u0160 Borisa Kidri\u010da v Mariboru odvijal turnir ob tridesetletnici obstoja na\u0161ega kluba.<\/p>\n\t\t\t\t\t\t\t\t<p class=\"ngg-album-gallery-image-counter\"><strong>55<\/strong>&nbsp;Photos<\/p>\n\t\t\t\t\t\t\t<\/div>\n\t\t<\/div>\n\t<\/div>\n\n \t \t\n\t<!-- Pagination -->\n \t<div class='ngg-clear'><\/div> \t\n<\/div>\n\n\n","protected":false},"excerpt":{"rendered":"","protected":false},"author":1,"featured_media":0,"parent":0,"menu_order":0,"comment_status":"closed","ping_status":"closed","template":"","meta":{"_uag_custom_page_level_css":"","site-sidebar-layout":"default","site-content-layout":"default","ast-global-header-display":"","ast-banner-title-visibility":"","ast-main-header-display":"","ast-hfb-above-header-display":"","ast-hfb-below-header-display":"","ast-hfb-mobile-header-display":"","site-post-title":"","ast-breadcrumbs-content":"","ast-featured-img":"","footer-sml-layout":"","theme-transparent-header-meta":"","adv-header-id-meta":"","stick-header-meta":"","header-above-stick-meta":"","header-main-stick-meta":"","header-below-stick-meta":"","ngg_post_thumbnail":0,"footnotes":""},"yoast_head":"<!-- This site is optimized with the Yoast SEO plugin v21.1 - https:\/\/yoast.com\/wordpress\/plugins\/seo\/ -->\n<title>Galerija - \u0160portno dru\u0161tvo Nikan<\/title>\n<meta name=\"description\" content=\"Karate-Do vadba v Mariboru za otroke, odrasle, tekmovalce in rekreativce. Vabljeni v svet borilnih ve\u0161\u010din! Vabljeni v NIKAN TEAM! Klub z ve\u010d kot 40 letno tradicijo.\" \/>\n<meta name=\"robots\" content=\"index, follow, max-snippet:-1, max-image-preview:large, max-video-preview:-1\" \/>\n<link rel=\"canonical\" href=\"https:\/\/www.nikan.si\/karate\/?page_id=26\" \/>\n<meta property=\"og:locale\" content=\"en_US\" \/>\n<meta property=\"og:type\" content=\"article\" \/>\n<meta property=\"og:title\" content=\"Galerija - \u0160portno dru\u0161tvo Nikan\" \/>\n<meta property=\"og:description\" content=\"Karate-Do vadba v Mariboru za otroke, odrasle, tekmovalce in rekreativce. Vabljeni v svet borilnih ve\u0161\u010din! Vabljeni v NIKAN TEAM! Klub z ve\u010d kot 40 letno tradicijo.\" \/>\n<meta property=\"og:url\" content=\"https:\/\/www.nikan.si\/karate\/?page_id=26\" \/>\n<meta property=\"og:site_name\" content=\"\u0160portno dru\u0161tvo Nikan\" \/>\n<meta property=\"article:publisher\" content=\"https:\/\/www.facebook.com\/sdnikan\/\" \/>\n<meta property=\"article:modified_time\" content=\"2010-08-03T22:53:46+00:00\" \/>\n<meta name=\"twitter:card\" content=\"summary_large_image\" \/>\n<script type=\"application\/ld+json\" class=\"yoast-schema-graph\">{\"@context\":\"https:\/\/schema.org\",\"@graph\":[{\"@type\":\"WebPage\",\"@id\":\"https:\/\/www.nikan.si\/karate\/?page_id=26\",\"url\":\"https:\/\/www.nikan.si\/karate\/?page_id=26\",\"name\":\"Galerija - \u0160portno dru\u0161tvo Nikan\",\"isPartOf\":{\"@id\":\"https:\/\/www.nikan.si\/karate\/#website\"},\"datePublished\":\"2010-08-01T22:50:56+00:00\",\"dateModified\":\"2010-08-03T22:53:46+00:00\",\"description\":\"Karate-Do vadba v Mariboru za otroke, odrasle, tekmovalce in rekreativce. Vabljeni v svet borilnih ve\u0161\u010din! Vabljeni v NIKAN TEAM! Klub z ve\u010d kot 40 letno tradicijo.\",\"breadcrumb\":{\"@id\":\"https:\/\/www.nikan.si\/karate\/?page_id=26#breadcrumb\"},\"inLanguage\":\"sl\",\"potentialAction\":[{\"@type\":\"ReadAction\",\"target\":[\"https:\/\/www.nikan.si\/karate\/?page_id=26\"]}]},{\"@type\":\"BreadcrumbList\",\"@id\":\"https:\/\/www.nikan.si\/karate\/?page_id=26#breadcrumb\",\"itemListElement\":[{\"@type\":\"ListItem\",\"position\":1,\"name\":\"Home\",\"item\":\"https:\/\/www.nikan.si\/karate\/\"},{\"@type\":\"ListItem\",\"position\":2,\"name\":\"Galerija\"}]},{\"@type\":\"WebSite\",\"@id\":\"https:\/\/www.nikan.si\/karate\/#website\",\"url\":\"https:\/\/www.nikan.si\/karate\/\",\"name\":\"\u0160portno dru\u0161tvo Nikan\",\"description\":\"Karate-Do vadba - Maribor\",\"publisher\":{\"@id\":\"https:\/\/www.nikan.si\/karate\/#organization\"},\"potentialAction\":[{\"@type\":\"SearchAction\",\"target\":{\"@type\":\"EntryPoint\",\"urlTemplate\":\"https:\/\/www.nikan.si\/karate\/?s={search_term_string}\"},\"query-input\":\"required name=search_term_string\"}],\"inLanguage\":\"sl\"},{\"@type\":\"Organization\",\"@id\":\"https:\/\/www.nikan.si\/karate\/#organization\",\"name\":\"\u0160portno dru\u0161tvo Nikan\",\"url\":\"https:\/\/www.nikan.si\/karate\/\",\"logo\":{\"@type\":\"ImageObject\",\"inLanguage\":\"sl\",\"@id\":\"https:\/\/www.nikan.si\/karate\/#\/schema\/logo\/image\/\",\"url\":\"https:\/\/www.nikan.si\/karate\/wp-content\/uploads\/2023\/06\/cropped-NIKAN_logotip_favicon-velik.png\",\"contentUrl\":\"https:\/\/www.nikan.si\/karate\/wp-content\/uploads\/2023\/06\/cropped-NIKAN_logotip_favicon-velik.png\",\"width\":512,\"height\":512,\"caption\":\"\u0160portno dru\u0161tvo Nikan\"},\"image\":{\"@id\":\"https:\/\/www.nikan.si\/karate\/#\/schema\/logo\/image\/\"},\"sameAs\":[\"https:\/\/www.facebook.com\/sdnikan\/\"]}]}<\/script>\n<!-- \/ Yoast SEO plugin. -->","yoast_head_json":{"title":"Galerija - \u0160portno dru\u0161tvo Nikan","description":"Karate-Do vadba v Mariboru za otroke, odrasle, tekmovalce in rekreativce. Vabljeni v svet borilnih ve\u0161\u010din! Vabljeni v NIKAN TEAM! Klub z ve\u010d kot 40 letno tradicijo.","robots":{"index":"index","follow":"follow","max-snippet":"max-snippet:-1","max-image-preview":"max-image-preview:large","max-video-preview":"max-video-preview:-1"},"canonical":"https:\/\/www.nikan.si\/karate\/?page_id=26","og_locale":"en_US","og_type":"article","og_title":"Galerija - \u0160portno dru\u0161tvo Nikan","og_description":"Karate-Do vadba v Mariboru za otroke, odrasle, tekmovalce in rekreativce. Vabljeni v svet borilnih ve\u0161\u010din! Vabljeni v NIKAN TEAM! Klub z ve\u010d kot 40 letno tradicijo.","og_url":"https:\/\/www.nikan.si\/karate\/?page_id=26","og_site_name":"\u0160portno dru\u0161tvo Nikan","article_publisher":"https:\/\/www.facebook.com\/sdnikan\/","article_modified_time":"2010-08-03T22:53:46+00:00","twitter_card":"summary_large_image","schema":{"@context":"https:\/\/schema.org","@graph":[{"@type":"WebPage","@id":"https:\/\/www.nikan.si\/karate\/?page_id=26","url":"https:\/\/www.nikan.si\/karate\/?page_id=26","name":"Galerija - \u0160portno dru\u0161tvo Nikan","isPartOf":{"@id":"https:\/\/www.nikan.si\/karate\/#website"},"datePublished":"2010-08-01T22:50:56+00:00","dateModified":"2010-08-03T22:53:46+00:00","description":"Karate-Do vadba v Mariboru za otroke, odrasle, tekmovalce in rekreativce. Vabljeni v svet borilnih ve\u0161\u010din! Vabljeni v NIKAN TEAM! Klub z ve\u010d kot 40 letno tradicijo.","breadcrumb":{"@id":"https:\/\/www.nikan.si\/karate\/?page_id=26#breadcrumb"},"inLanguage":"sl","potentialAction":[{"@type":"ReadAction","target":["https:\/\/www.nikan.si\/karate\/?page_id=26"]}]},{"@type":"BreadcrumbList","@id":"https:\/\/www.nikan.si\/karate\/?page_id=26#breadcrumb","itemListElement":[{"@type":"ListItem","position":1,"name":"Home","item":"https:\/\/www.nikan.si\/karate\/"},{"@type":"ListItem","position":2,"name":"Galerija"}]},{"@type":"WebSite","@id":"https:\/\/www.nikan.si\/karate\/#website","url":"https:\/\/www.nikan.si\/karate\/","name":"\u0160portno dru\u0161tvo Nikan","description":"Karate-Do vadba - Maribor","publisher":{"@id":"https:\/\/www.nikan.si\/karate\/#organization"},"potentialAction":[{"@type":"SearchAction","target":{"@type":"EntryPoint","urlTemplate":"https:\/\/www.nikan.si\/karate\/?s={search_term_string}"},"query-input":"required name=search_term_string"}],"inLanguage":"sl"},{"@type":"Organization","@id":"https:\/\/www.nikan.si\/karate\/#organization","name":"\u0160portno dru\u0161tvo Nikan","url":"https:\/\/www.nikan.si\/karate\/","logo":{"@type":"ImageObject","inLanguage":"sl","@id":"https:\/\/www.nikan.si\/karate\/#\/schema\/logo\/image\/","url":"https:\/\/www.nikan.si\/karate\/wp-content\/uploads\/2023\/06\/cropped-NIKAN_logotip_favicon-velik.png","contentUrl":"https:\/\/www.nikan.si\/karate\/wp-content\/uploads\/2023\/06\/cropped-NIKAN_logotip_favicon-velik.png","width":512,"height":512,"caption":"\u0160portno dru\u0161tvo Nikan"},"image":{"@id":"https:\/\/www.nikan.si\/karate\/#\/schema\/logo\/image\/"},"sameAs":["https:\/\/www.facebook.com\/sdnikan\/"]}]}},"uagb_featured_image_src":{"full":false,"thumbnail":false,"medium":false,"medium_large":false,"large":false,"1536x1536":false,"2048x2048":false},"uagb_author_info":{"display_name":"admin","author_link":"https:\/\/www.nikan.si\/karate\/?author=1"},"uagb_comment_info":0,"uagb_excerpt":null,"_links":{"self":[{"href":"https:\/\/www.nikan.si\/karate\/index.php?rest_route=\/wp\/v2\/pages\/26"}],"collection":[{"href":"https:\/\/www.nikan.si\/karate\/index.php?rest_route=\/wp\/v2\/pages"}],"about":[{"href":"https:\/\/www.nikan.si\/karate\/index.php?rest_route=\/wp\/v2\/types\/page"}],"author":[{"embeddable":true,"href":"https:\/\/www.nikan.si\/karate\/index.php?rest_route=\/wp\/v2\/users\/1"}],"replies":[{"embeddable":true,"href":"https:\/\/www.nikan.si\/karate\/index.php?rest_route=%2Fwp%2Fv2%2Fcomments&post=26"}],"version-history":[{"count":3,"href":"https:\/\/www.nikan.si\/karate\/index.php?rest_route=\/wp\/v2\/pages\/26\/revisions"}],"predecessor-version":[{"id":125,"href":"https:\/\/www.nikan.si\/karate\/index.php?rest_route=\/wp\/v2\/pages\/26\/revisions\/125"}],"wp:attachment":[{"href":"https:\/\/www.nikan.si\/karate\/index.php?rest_route=%2Fwp%2Fv2%2Fmedia&parent=26"}],"curies":[{"name":"wp","href":"https:\/\/api.w.org\/{rel}","templated":true}]}}